{"id":55,"date":"2017-02-16T15:00:58","date_gmt":"2017-02-16T15:00:58","guid":{"rendered":"http:\/\/www.lavigneraie-fuisse.com\/?page_id=55"},"modified":"2017-02-22T16:10:27","modified_gmt":"2017-02-22T15:10:27","slug":"chambres-tarifs","status":"publish","type":"page","link":"http:\/\/www.lavigneraie-fuisse.com\/en\/chambres-tarifs\/","title":{"rendered":"Chambres &#038; Tarifs"},"content":{"rendered":"<p class=\"western\" lang=\"fr-FR\">Sur une superficie de 100m2 au 1er \u00e9tage, vous y trouverez 2 chambres confortables et ind\u00e9pendantes. Elles sont soigneusement d\u00e9cor\u00e9es avec chacune un grand lit, un bureau, une armoire et un porte v\u00eatement. Chaque chambre a sa propre salle de bain avec douche et des toilettes s\u00e9par\u00e9es. Le linge de maison, les draps, couettes et couvertures sont fournis.<\/p>\n","protected":false},"excerpt":{"rendered":"<p>Sur une superficie de 100m2 au 1er \u00e9tage, vous y trouverez 2 chambres confortables et ind\u00e9pendantes. Elles sont soigneusement d\u00e9cor\u00e9es avec chacune un grand lit, un bureau, une armoire et [&hellip;]<\/p>\n","protected":false},"author":1,"featured_media":49,"parent":0,"menu_order":0,"comment_status":"closed","ping_status":"closed","template":"page-templates\/rooms.php","meta":[],"_links":{"self":[{"href":"http:\/\/www.lavigneraie-fuisse.com\/en\/wp-json\/wp\/v2\/pages\/55"}],"collection":[{"href":"http:\/\/www.lavigneraie-fuisse.com\/en\/wp-json\/wp\/v2\/pages"}],"about":[{"href":"http:\/\/www.lavigneraie-fuisse.com\/en\/wp-json\/wp\/v2\/types\/page"}],"author":[{"embeddable":true,"href":"http:\/\/www.lavigneraie-fuisse.com\/en\/wp-json\/wp\/v2\/users\/1"}],"replies":[{"embeddable":true,"href":"http:\/\/www.lavigneraie-fuisse.com\/en\/wp-json\/wp\/v2\/comments?post=55"}],"version-history":[{"count":24,"href":"http:\/\/www.lavigneraie-fuisse.com\/en\/wp-json\/wp\/v2\/pages\/55\/revisions"}],"predecessor-version":[{"id":204,"href":"http:\/\/www.lavigneraie-fuisse.com\/en\/wp-json\/wp\/v2\/pages\/55\/revisions\/204"}],"wp:featuredmedia":[{"embeddable":true,"href":"http:\/\/www.lavigneraie-fuisse.com\/en\/wp-json\/wp\/v2\/media\/49"}],"wp:attachment":[{"href":"http:\/\/www.lavigneraie-fuisse.com\/en\/wp-json\/wp\/v2\/media?parent=55"}],"curies":[{"name":"wp","href":"https:\/\/api.w.org\/{rel}","templated":true}]}}